{"id":208,"date":"2024-05-28T17:41:53","date_gmt":"2024-05-28T17:41:53","guid":{"rendered":"https:\/\/www.reklamastyl-video.cz\/?page_id=208"},"modified":"2026-01-10T13:53:03","modified_gmt":"2026-01-10T13:53:03","slug":"barevne-razy","status":"publish","type":"page","link":"https:\/\/www.yorksirbetty.cz\/?page_id=208","title":{"rendered":"Barevn\u00e9 mutace"},"content":{"rendered":"\n<div class=\"wp-block-media-text is-stacked-on-mobile is-vertically-aligned-center\" style=\"grid-template-columns:20% auto\"><figure class=\"wp-block-media-text__media\"><img loading=\"lazy\" decoding=\"async\" width=\"800\" height=\"951\" src=\"https:\/\/www.reklamastyl-video.cz\/wp-content\/uploads\/2024\/05\/1.jpg\" alt=\"\" class=\"wp-image-209 size-full\" srcset=\"https:\/\/www.yorksirbetty.cz\/wp-content\/uploads\/2024\/05\/1.jpg 800w, https:\/\/www.yorksirbetty.cz\/wp-content\/uploads\/2024\/05\/1-252x300.jpg 252w, https:\/\/www.yorksirbetty.cz\/wp-content\/uploads\/2024\/05\/1-768x913.jpg 768w, https:\/\/www.yorksirbetty.cz\/wp-content\/uploads\/2024\/05\/1-300x357.jpg 300w\" sizes=\"auto, (max-width: 800px) 100vw, 800px\" \/><\/figure><div class=\"wp-block-media-text__content\">\n<p><strong>Blue and tan<\/strong> &#8211; Tmav\u011b ocelov\u011b modr\u00e1 (ne st\u0159\u00edb\u0159it\u011b modr\u00e1), dosahuj\u00edc\u00ed od t\u00fdln\u00edho hrbolu ke ko\u0159eni ocasu, nikdy nen\u00ed sm\u00edchan\u00e1 se \u017elut\u00fdmi, bronzov\u00fdmi ani tmav\u00fdmi chlupy. Srst na hrudi je intenzivn\u011b t\u0159\u00edslov\u00e1 a leskl\u00e1. Ve\u0161ker\u00e1 t\u0159\u00edslov\u00e1 srst je tmav\u0161\u00ed u ko\u0159\u00ednk\u016f ne\u017e uprost\u0159ed a nejsv\u011btlej\u0161\u00ed je na konci. Nos, o\u010di, lemov\u00e1n\u00ed, tlapky dr\u00e1pky tmav\u00e9.<\/p>\n<\/div><\/div>\n\n\n\n<div class=\"wp-block-media-text is-stacked-on-mobile is-vertically-aligned-center\" style=\"grid-template-columns:20% auto\"><figure class=\"wp-block-media-text__media\"><img loading=\"lazy\" decoding=\"async\" width=\"800\" height=\"960\" src=\"https:\/\/www.reklamastyl-video.cz\/wp-content\/uploads\/2024\/05\/3.jpg\" alt=\"\" class=\"wp-image-227 size-full\" srcset=\"https:\/\/www.yorksirbetty.cz\/wp-content\/uploads\/2024\/05\/3.jpg 800w, https:\/\/www.yorksirbetty.cz\/wp-content\/uploads\/2024\/05\/3-250x300.jpg 250w, https:\/\/www.yorksirbetty.cz\/wp-content\/uploads\/2024\/05\/3-768x922.jpg 768w, https:\/\/www.yorksirbetty.cz\/wp-content\/uploads\/2024\/05\/3-300x360.jpg 300w\" sizes=\"auto, (max-width: 800px) 100vw, 800px\" \/><\/figure><div class=\"wp-block-media-text__content\">\n<p><\/p>\n\n\n\n<p><strong>Biewer &#8211;<\/strong> Modro-b\u00edlo-zlat\u00e1, modr\u00e1 barva mus\u00ed b\u00fdt ocelov\u011b modr\u00e1, ne st\u0159\u00edb\u0159it\u011b modr\u00e1. Hlava modro-b\u00edlo-zlat\u00e1, symetricky zbarven\u00e1. T\u011blo modro-b\u00edl\u00e9, prol\u00ednaj\u00edc\u00ed se, cel\u00e1 b\u00edl\u00e1 nebo cel\u00e1 modr\u00e1 s b\u00edl\u00fdm l\u00edmcem. Krom\u011b hlavy nesm\u00ed b\u00fdt jinde na t\u011ble zlat\u00e1 nebo hn\u011bd\u00e1 barva. B\u00edl\u00e1 barva minim\u00e1ln\u011b do 2\/3 kon\u010detin, cel\u00e9 b\u0159icho a hrudn\u00edk, l\u00edmec kolem krku a 1\/3 konce ocasu. Nos \u010dern\u00fd.<\/p>\n\n\n\n<p><\/p>\n\n\n\n<p><\/p>\n<\/div><\/div>\n\n\n\n<div class=\"wp-block-media-text is-stacked-on-mobile is-vertically-aligned-center\" style=\"grid-template-columns:20% auto\"><figure class=\"wp-block-media-text__media\"><img loading=\"lazy\" decoding=\"async\" width=\"100\" height=\"130\" src=\"https:\/\/www.yorksirbetty.cz\/wp-content\/uploads\/2024\/05\/4.jpg\" alt=\"\" class=\"wp-image-241 size-full\"\/><\/figure><div class=\"wp-block-media-text__content\">\n<p><strong>Chocolate &#8211;<\/strong> Hn\u011bd\u011b zbarven\u00ed srsti po t\u011ble. Hlava a nohy s t\u0159\u00edslov\u00fdm p\u00e1len\u00edm. O\u010di hn\u011bd\u00e9 a\u017e jantarov\u00e9, lemov\u00e1n\u00ed o\u010d\u00ed hn\u011bd\u00e9. Nos hn\u011bd\u00fd, j\u00e1trov\u00fd. Tlapky a dr\u00e1pky hn\u011bd\u00e9.<\/p>\n\n\n\n<p><strong>Golddust &#8211;<\/strong> B\u00edlo-zlat\u00e1, bez ohledu na rozlo\u017een\u00ed (zlat\u00e1 barva m\u016f\u017ee, ale nemus\u00ed, b\u00fdt u dosp\u011bl\u00fdch zv\u00ed\u0159at mnohem jasn\u011bj\u0161\u00ed, pouze jako zlat\u00fd prach &#8211; jak je ve jm\u00e9n\u011b &#8222;Golddust&#8220; = &#8222;zlat\u00fd prach&#8220; O\u010di st\u0159edn\u011b velk\u00e9, zelenohn\u011bd\u00e9 a\u017e tmav\u011b hn\u011bd\u00e9. Nos tmav\u00fd, r\u016f\u017eov\u00e9 skvrny povoleny.<sup><a href=\"https:\/\/cs.wikipedia.org\/wiki\/Barevn%C3%BD_jork%C5%A1%C3%ADrsk%C3%BD_teri%C3%A9r#cite_note-muj-3\">[<\/a><\/sup><\/p>\n<\/div><\/div>\n\n\n\n<div class=\"wp-block-media-text is-stacked-on-mobile\" style=\"grid-template-columns:20% auto\"><figure class=\"wp-block-media-text__media\"><img loading=\"lazy\" decoding=\"async\" width=\"463\" height=\"519\" src=\"https:\/\/www.reklamastyl-video.cz\/wp-content\/uploads\/2024\/05\/5.jpg\" alt=\"\" class=\"wp-image-242 size-full\" srcset=\"https:\/\/www.yorksirbetty.cz\/wp-content\/uploads\/2024\/05\/5.jpg 463w, https:\/\/www.yorksirbetty.cz\/wp-content\/uploads\/2024\/05\/5-268x300.jpg 268w, https:\/\/www.yorksirbetty.cz\/wp-content\/uploads\/2024\/05\/5-300x336.jpg 300w\" sizes=\"auto, (max-width: 463px) 100vw, 463px\" \/><\/figure><div class=\"wp-block-media-text__content\">\n<p><strong>Ocean pearl &#8211;<\/strong> Zlatohn\u011bd\u00e1 mel\u00edrovan\u00e1, v ml\u00e1d\u00ed s \u010dervenohn\u011bd\u00fdmi nebo \u010dern\u00fdmi kone\u010dky, av\u0161ak v pr\u016fb\u011bhu \u017eivota psa se m\u016f\u017ee barva m\u011bnit. Srst \u0161t\u011b\u0148at je tmav\u011b hn\u011bd\u00e1 mel\u00edrovan\u00e1 a postupem \u010dasu se rozjas\u0148uje a sv\u011btl\u00e1 a\u017e do smetanov\u00e9ho zbarven\u00ed. Nejv\u00fdrazn\u011bji je v prvn\u00edm roce \u017eivota, potom u\u017e ne tak z\u0159eteln\u011b. Odst\u00edn v\u0161ak neust\u00e1le podl\u00e9h\u00e1 h\u0159e sv\u011btel a st\u00edn\u016f a barva psa se tak neust\u00e1le m\u011bn\u00ed podle t\u0159pytu a sv\u011btla na r\u016fzn\u00e9 odst\u00edny jeho z\u00e1kladn\u00edch barev v\u010detn\u011b zlat\u00e9, hn\u011bd\u00e9, \u010derven\u00e9, \u0161ed\u00e9, b\u00e9\u017eov\u00e9 a kr\u00e9mov\u00e9 a\u017e smetanov\u00e9. Struktura srsti jemn\u00e1 a\u017e siln\u00e1. Nosn\u00ed houba \u010dern\u00e1.<\/p>\n<\/div><\/div>\n\n\n\n<div class=\"wp-block-media-text is-stacked-on-mobile is-vertically-aligned-center\" style=\"grid-template-columns:20% auto\"><figure class=\"wp-block-media-text__media\"><img loading=\"lazy\" decoding=\"async\" width=\"800\" height=\"900\" src=\"https:\/\/www.reklamastyl-video.cz\/wp-content\/uploads\/2024\/05\/6.jpg\" alt=\"\" class=\"wp-image-252 size-full\" srcset=\"https:\/\/www.yorksirbetty.cz\/wp-content\/uploads\/2024\/05\/6.jpg 800w, https:\/\/www.yorksirbetty.cz\/wp-content\/uploads\/2024\/05\/6-267x300.jpg 267w, https:\/\/www.yorksirbetty.cz\/wp-content\/uploads\/2024\/05\/6-768x864.jpg 768w, https:\/\/www.yorksirbetty.cz\/wp-content\/uploads\/2024\/05\/6-300x338.jpg 300w\" sizes=\"auto, (max-width: 800px) 100vw, 800px\" \/><\/figure><div class=\"wp-block-media-text__content\">\n<p><strong>Adda &#8211; <\/strong>B\u00edl\u00e1 se zlato-hn\u011bdou mel\u00edrovanou, v ml\u00e1d\u00ed s \u010dervenohn\u011bd\u00fdmi nebo \u010dern\u00fdmi kone\u010dky. Barva se m\u016f\u017ee v dosp\u011blosti psa zm\u011bnit.&nbsp;<a href=\"https:\/\/cs.wikipedia.org\/wiki\/Srst_psa\">Srst<\/a>&nbsp;<a href=\"https:\/\/cs.wikipedia.org\/wiki\/%C5%A0t%C4%9Bn%C4%9B\">\u0161t\u011b\u0148at<\/a>&nbsp;je b\u00edl\u00e1 s tmav\u011b hn\u011bd\u00fdmi mel\u00edrovan\u00fdmi znaky a b\u011bhem \u017eivota psa se rozjas\u0148uj\u00ed a sv\u011btlaj\u00ed a\u017e do smetanov\u00e9ho zbarven\u00ed. Nejv\u00fdrazn\u011bji v prvn\u00edm roce \u017eivota, potom u\u017e ne tak z\u0159eteln\u011b. B\u00edl\u00e1 barva je rozlo\u017een\u00e1 minim\u00e1ln\u011b na l\u00edmci kolem krku, cel\u00e9m b\u0159i\u0161e, hrudn\u00edku, 2\/3 kon\u010denin a 1\/3 konce ocasu. Odst\u00edn zlat\u00e9 v\u0161ak neust\u00e1le podl\u00e9h\u00e1 h\u0159e sv\u011btel a st\u00edn\u016f a barva psa se tak neust\u00e1le m\u011bn\u00ed podle t\u0159pytu a sv\u011btla na r\u016fzn\u00e9 odst\u00edny jeho z\u00e1kladn\u00edch barev v\u010detn\u011b zlat\u00e9, hn\u011bd\u00e9, \u010derven\u00e9, \u0161ed\u00e9, b\u00e9\u017eov\u00e9 a kr\u00e9mov\u00e9 a\u017e smetanov\u00e9. Nos \u010dern\u00fd.<\/p>\n<\/div><\/div>\n\n\n\n<div class=\"wp-block-media-text is-stacked-on-mobile is-vertically-aligned-top\" style=\"grid-template-columns:20% auto\"><figure class=\"wp-block-media-text__media\"><img loading=\"lazy\" decoding=\"async\" width=\"757\" height=\"1024\" src=\"https:\/\/www.reklamastyl-video.cz\/wp-content\/uploads\/2024\/05\/7-757x1024.jpg\" alt=\"\" class=\"wp-image-255 size-full\" srcset=\"https:\/\/www.yorksirbetty.cz\/wp-content\/uploads\/2024\/05\/7-757x1024.jpg 757w, https:\/\/www.yorksirbetty.cz\/wp-content\/uploads\/2024\/05\/7-222x300.jpg 222w, https:\/\/www.yorksirbetty.cz\/wp-content\/uploads\/2024\/05\/7-768x1039.jpg 768w, https:\/\/www.yorksirbetty.cz\/wp-content\/uploads\/2024\/05\/7-300x406.jpg 300w, https:\/\/www.yorksirbetty.cz\/wp-content\/uploads\/2024\/05\/7.jpg 800w\" sizes=\"auto, (max-width: 757px) 100vw, 757px\" \/><\/figure><div class=\"wp-block-media-text__content\">\n<p><strong>Blue merle<\/strong> &#8211;&nbsp;Jasn\u00e1, st\u0159\u00edb\u0159it\u011b modr\u00e1, s \u010dern\u00fdm mramorov\u00e1n\u00edm. Syt\u011b p\u00e1len\u00e9 znaky maj\u00ed p\u0159ednost, ale jejich absence nesm\u00ed b\u00fdt penalizov\u00e1na. B\u00edl\u00e1 barva je akceptov\u00e1na na krku, hrudn\u00edku, noh\u00e1ch, spodn\u00ed stran\u011b \u010denichu, lysin\u011b na hlav\u011b a b\u00edl\u00e1 roz\u0161\u00ed\u0159en\u00e1 ze spodn\u00ed strany t\u011bla. B\u00edl\u00e1 na hlav\u011b by nem\u011bla p\u0159eva\u017eovat. O\u010di mus\u00ed b\u00fdt zcela lemov\u00e1ny barvou a pigmentem. Celkov\u00fd dojem mus\u00ed b\u00fdt modr\u00fd. Nosn\u00ed houba \u010dern\u00e1. Pro zbarven\u00ed merle je charakteristick\u00e9, \u017ee v\u011bkem tmavne. O\u010di hn\u011bd\u00e9, jantarov\u00e9 nebo modr\u00e9. Diskvalifikuj\u00edc\u00ed chybou je b\u00edl\u00e1 barva na t\u011ble, to znamen\u00e1 na h\u0159bet\u011b mezi kohoutkem a ocasem.<sup><a href=\"https:\/\/cs.wikipedia.org\/wiki\/Barevn%C3%BD_jork%C5%A1%C3%ADrsk%C3%BD_teri%C3%A9r#cite_note-muj-3\">[<\/a><\/sup><\/p>\n\n\n\n<p><\/p>\n<\/div><\/div>\n\n\n\n<p><\/p>\n\n\n\n<p><\/p>\n\n\n\n<p><strong>Gold merle<\/strong>: Zlatav\u00e1, b\u00e9\u017eov\u00e1 a\u017e hn\u011bd\u00e1 barva s \u010dern\u00fdm mramorov\u00e1n\u00edm. Syt\u011b p\u00e1len\u00e9 znaky maj\u00ed p\u0159ednost, ale jejich absence neb\u00fdv\u00e1 penalizov\u00e1na. B\u00edl\u00e1 barva je akceptov\u00e1na pouze na krku, hrudn\u00edku, noh\u00e1ch, spodn\u00ed stran\u011b \u010denichu, lysin\u011b na hlav\u011b a b\u00edl\u00e1 roz\u0161\u00ed\u0159en\u00e1 ze spodn\u00ed strany t\u011bla. B\u00edl\u00e1 na hlav\u011b by nem\u011bla p\u0159eva\u017eovat. O\u010di mus\u00ed b\u00fdt zcela lemov\u00e1ny barvou a pigmentem. Celkov\u00fd dojem mus\u00ed b\u00fdt zlatav\u00fd. Nosn\u00ed houba \u010dern\u00e1. Pro zbarven\u00ed merle je charakteristick\u00e9, \u017ee v\u011bkem tmavne. O\u010di hn\u011bd\u00e9, jantarov\u00e9 nebo modr\u00e9. Diskvalifikov\u00e1ni b\u00fdvaj\u00ed jedinci s b\u00edlou barvou na t\u011ble.<sup><a href=\"https:\/\/cs.wikipedia.org\/wiki\/Barevn%C3%BD_jork%C5%A1%C3%ADrsk%C3%BD_teri%C3%A9r#cite_note-muj-3\">[3]<\/a><\/sup><\/p>\n\n\n\n<p><strong>Choco merle:<\/strong>&nbsp;\u010cokol\u00e1dov\u011b hn\u011bd\u00e1 barva s tmav\u00fdm mramorov\u00e1n\u00edm. Syt\u011b p\u00e1len\u00e9 znaky maj\u00ed p\u0159ednost, ale jejich absence nen\u00ed penalizov\u00e1na. B\u00edl\u00e1 barva je akceptov\u00e1na na krku, hrudn\u00edku, noh\u00e1ch, spodn\u00ed stran\u011b \u010denichu, lysin\u011b na hlav\u011b a b\u00edl\u00e1 roz\u0161\u00ed\u0159en\u00e1 ze spodn\u00ed strany t\u011bla. B\u00edl\u00e1 na hlav\u011b by nem\u011bla p\u0159eva\u017eovat. O\u010di mus\u00ed b\u00fdt zcela lemov\u00e1ny barvou a pigmentem. Nosn\u00ed houba hn\u011bd\u00e1 a\u017e j\u00e1trov\u00e1. Pro zbarven\u00ed merle je charakteristick\u00e9, \u017ee v\u011bkem tmavne. O\u010di jiskrn\u00e9, hn\u011bd\u00e9, jantarov\u00e9, modr\u00e9, zelen\u00e9. Diskvalifikuj\u00edc\u00ed chybou je op\u011bt b\u00edl\u00e1 barva na t\u011ble.<sup><a href=\"https:\/\/cs.wikipedia.org\/wiki\/Barevn%C3%BD_jork%C5%A1%C3%ADrsk%C3%BD_teri%C3%A9r#cite_note-muj-3\">[3]<\/a><\/sup><\/p>\n\n\n\n<p><strong>Blueberry<\/strong>: B\u00edl\u00e1 v rozvr\u017een\u00ed stejn\u011b jako biewer, se znaky blue merle. Nosn\u00ed houba \u010dern\u00e1. Barva o\u010d\u00ed hn\u011bd\u00e1 nebo t\u00e9\u017e modr\u00e1.<sup><a href=\"https:\/\/cs.wikipedia.org\/wiki\/Barevn%C3%BD_jork%C5%A1%C3%ADrsk%C3%BD_teri%C3%A9r#cite_note-muj-3\">[3]<\/a><\/sup><\/p>\n\n\n\n<p><strong>Chocoberry:<\/strong>&nbsp;B\u00edl\u00e1 v rozvr\u017een\u00ed stejn\u011b jako biewer, se znaky \u010doko merle. Nosn\u00ed houba hn\u011bd\u00e1 nebo j\u00e1trov\u00e1. Barva duhovky hn\u011bd\u00e1, modr\u00e1 nebo zelen\u00e1.<\/p>\n","protected":false},"excerpt":{"rendered":"<p>Blue and tan &#8211; Tmav\u011b ocelov\u011b modr\u00e1 (ne st\u0159\u00edb\u0159it\u011b modr\u00e1), dosahuj\u00edc\u00ed od t\u00fdln\u00edho hrbolu ke ko\u0159eni ocasu, nikdy nen\u00ed sm\u00edchan\u00e1 se \u017elut\u00fdmi, bronzov\u00fdmi ani tmav\u00fdmi chlupy. Srst na hrudi je intenzivn\u011b t\u0159\u00edslov\u00e1 a leskl\u00e1. Ve\u0161ker\u00e1 t\u0159\u00edslov\u00e1 srst je tmav\u0161\u00ed u ko\u0159\u00ednk\u016f ne\u017e uprost\u0159ed a nejsv\u011btlej\u0161\u00ed je na konci. Nos, o\u010di,<a href=\"https:\/\/www.yorksirbetty.cz\/?page_id=208\" class=\"read-more\">Read More&#8230;<\/a><\/p>\n","protected":false},"author":1,"featured_media":0,"parent":0,"menu_order":0,"comment_status":"closed","ping_status":"closed","template":"","meta":{"footnotes":""},"class_list":["post-208","page","type-page","status-publish","hentry"],"_links":{"self":[{"href":"https:\/\/www.yorksirbetty.cz\/index.php?rest_route=\/wp\/v2\/pages\/208","targetHints":{"allow":["GET"]}}],"collection":[{"href":"https:\/\/www.yorksirbetty.cz\/index.php?rest_route=\/wp\/v2\/pages"}],"about":[{"href":"https:\/\/www.yorksirbetty.cz\/index.php?rest_route=\/wp\/v2\/types\/page"}],"author":[{"embeddable":true,"href":"https:\/\/www.yorksirbetty.cz\/index.php?rest_route=\/wp\/v2\/users\/1"}],"replies":[{"embeddable":true,"href":"https:\/\/www.yorksirbetty.cz\/index.php?rest_route=%2Fwp%2Fv2%2Fcomments&post=208"}],"version-history":[{"count":49,"href":"https:\/\/www.yorksirbetty.cz\/index.php?rest_route=\/wp\/v2\/pages\/208\/revisions"}],"predecessor-version":[{"id":540,"href":"https:\/\/www.yorksirbetty.cz\/index.php?rest_route=\/wp\/v2\/pages\/208\/revisions\/540"}],"wp:attachment":[{"href":"https:\/\/www.yorksirbetty.cz\/index.php?rest_route=%2Fwp%2Fv2%2Fmedia&parent=208"}],"curies":[{"name":"wp","href":"https:\/\/api.w.org\/{rel}","templated":true}]}}