{"id":24,"date":"2024-03-04T18:19:35","date_gmt":"2024-03-04T18:19:35","guid":{"rendered":"https:\/\/www.reklamastyl-video.cz\/?page_id=24"},"modified":"2025-02-23T10:56:20","modified_gmt":"2025-02-23T10:56:20","slug":"kontakty","status":"publish","type":"page","link":"https:\/\/www.yorksirbetty.cz\/?page_id=24","title":{"rendered":"Kontakt"},"content":{"rendered":"\n<h3 class=\"wp-block-heading\">Eva Pla\u010dkov\u00e1,  Zem\u011bd\u011blsk\u00e1 463, 588 32 Brtnice<\/h3>\n\n\n\n<h3 class=\"wp-block-heading\">Tel.: 602 762 120, 602 116 575, ladislav.placek@reklamastyl.cz<\/h3>\n\n\n\n<p><a href=\"https:\/\/www.facebook.com\/yorksir.betty\/about\">https:\/\/www.facebook.com\/yorksir.betty\/about<\/a><\/p>\n\n\n\n<p><\/p>\n\n\n\n<iframe src=\"https:\/\/www.google.com\/maps\/embed?pb=!1m18!1m12!1m3!1d2601.188848875126!2d15.671280976189268!3d49.3107071687697!2m3!1f0!2f0!3f0!3m2!1i1024!2i768!4f13.1!3m3!1m2!1s0x470d167994173a1b%3A0x905acbe553ae597a!2zWmVtxJtkxJtsc2vDoSA0NjMsIDU4OCAzMiBCcnRuaWNl!5e0!3m2!1scs!2scz!4v1735555084299!5m2!1scs!2scz\" width=\"600\" height=\"450\" style=\"border:0;\" allowfullscreen=\"\" loading=\"lazy\" referrerpolicy=\"no-referrer-when-downgrade\"><\/iframe>\n","protected":false},"excerpt":{"rendered":"<p>Eva Pla\u010dkov\u00e1, Zem\u011bd\u011blsk\u00e1 463, 588 32 Brtnice Tel.: 602 762 120, 602 116 575, ladislav.placek@reklamastyl.cz https:\/\/www.facebook.com\/yorksir.betty\/about<\/p>\n","protected":false},"author":1,"featured_media":0,"parent":0,"menu_order":0,"comment_status":"closed","ping_status":"closed","template":"","meta":{"footnotes":""},"class_list":["post-24","page","type-page","status-publish","hentry"],"_links":{"self":[{"href":"https:\/\/www.yorksirbetty.cz\/index.php?rest_route=\/wp\/v2\/pages\/24","targetHints":{"allow":["GET"]}}],"collection":[{"href":"https:\/\/www.yorksirbetty.cz\/index.php?rest_route=\/wp\/v2\/pages"}],"about":[{"href":"https:\/\/www.yorksirbetty.cz\/index.php?rest_route=\/wp\/v2\/types\/page"}],"author":[{"embeddable":true,"href":"https:\/\/www.yorksirbetty.cz\/index.php?rest_route=\/wp\/v2\/users\/1"}],"replies":[{"embeddable":true,"href":"https:\/\/www.yorksirbetty.cz\/index.php?rest_route=%2Fwp%2Fv2%2Fcomments&post=24"}],"version-history":[{"count":11,"href":"https:\/\/www.yorksirbetty.cz\/index.php?rest_route=\/wp\/v2\/pages\/24\/revisions"}],"predecessor-version":[{"id":469,"href":"https:\/\/www.yorksirbetty.cz\/index.php?rest_route=\/wp\/v2\/pages\/24\/revisions\/469"}],"wp:attachment":[{"href":"https:\/\/www.yorksirbetty.cz\/index.php?rest_route=%2Fwp%2Fv2%2Fmedia&parent=24"}],"curies":[{"name":"wp","href":"https:\/\/api.w.org\/{rel}","templated":true}]}}