{"id":27,"date":"2024-03-04T18:22:01","date_gmt":"2024-03-04T18:22:01","guid":{"rendered":"https:\/\/www.reklamastyl-video.cz\/?page_id=27"},"modified":"2025-03-20T18:01:43","modified_gmt":"2025-03-20T18:01:43","slug":"fasady","status":"publish","type":"page","link":"https:\/\/www.yorksirbetty.cz\/?page_id=27","title":{"rendered":"Historie"},"content":{"rendered":"\n<p>P\u0159edci yorkshire teri\u00e9ra poch\u00e1zeli ze Skotska. Ve zdej\u0161\u00edch p\u0159\u00e1deln\u00e1ch vlny byli velk\u00fdm probl\u00e9mem potkani a krysy. Mal\u00fd a neboj\u00e1cn\u00fd teri\u00e9r se osv\u011bd\u010dil jako v\u00fdznamn\u00fd pomocn\u00edk v boji proti nim. Mimo v\u00fdborn\u00e9 povahy m\u011bl celou \u0159adu dal\u0161\u00edch v\u00fdhod. Byl mal\u00fd a ve\u0161el se tak\u0159ka do kapsy, byl nen\u00e1ro\u010dn\u00fd a jeho chov nevy\u017eadoval velk\u00e9 n\u00e1klady. V dob\u011b vl\u00e1dy kr\u00e1lovny Viktorie odch\u00e1zeli d\u011bln\u00edci ze Skotska za prac\u00ed do v\u011bt\u0161\u00edch m\u011bst v Anglii a brali sebou i sv\u00e9 mal\u00e9 psy. Zaj\u00edmav\u00e9 plemeno se m\u011bstsk\u00fdm lidem velmi zal\u00edbilo a z Yorkshira se r\u00e1zem stal vyhled\u00e1van\u00fd spole\u010densk\u00fd pes.<\/p>\n\n\n\n<figure class=\"wp-block-gallery has-nested-images columns-default is-cropped wp-block-gallery-1 is-layout-flex wp-block-gallery-is-layout-flex\">\n<figure class=\"wp-block-image size-full\"><img loading=\"lazy\" decoding=\"async\" width=\"388\" height=\"298\" data-id=\"173\" src=\"https:\/\/www.yorksirbetty.cz\/wp-content\/uploads\/2024\/05\/obrazek1.jpg\" alt=\"\" class=\"wp-image-173\" srcset=\"https:\/\/www.yorksirbetty.cz\/wp-content\/uploads\/2024\/05\/obrazek1.jpg 388w, https:\/\/www.yorksirbetty.cz\/wp-content\/uploads\/2024\/05\/obrazek1-300x230.jpg 300w\" sizes=\"auto, (max-width: 388px) 100vw, 388px\" \/><\/figure>\n\n\n\n<figure class=\"wp-block-image size-full\"><img loading=\"lazy\" decoding=\"async\" width=\"300\" height=\"204\" data-id=\"171\" src=\"https:\/\/www.yorksirbetty.cz\/wp-content\/uploads\/2024\/05\/Yorksir-historie.jpg\" alt=\"\" class=\"wp-image-171\"\/><\/figure>\n<\/figure>\n","protected":false},"excerpt":{"rendered":"<p>P\u0159edci yorkshire teri\u00e9ra poch\u00e1zeli ze Skotska. Ve zdej\u0161\u00edch p\u0159\u00e1deln\u00e1ch vlny byli velk\u00fdm probl\u00e9mem potkani a krysy. Mal\u00fd a neboj\u00e1cn\u00fd teri\u00e9r se osv\u011bd\u010dil jako v\u00fdznamn\u00fd pomocn\u00edk v boji proti nim. Mimo v\u00fdborn\u00e9 povahy m\u011bl celou \u0159adu dal\u0161\u00edch v\u00fdhod. Byl mal\u00fd a ve\u0161el se tak\u0159ka do kapsy, byl nen\u00e1ro\u010dn\u00fd a jeho chov<a href=\"https:\/\/www.yorksirbetty.cz\/?page_id=27\" class=\"read-more\">Read More&#8230;<\/a><\/p>\n","protected":false},"author":1,"featured_media":0,"parent":0,"menu_order":0,"comment_status":"closed","ping_status":"closed","template":"","meta":{"footnotes":""},"class_list":["post-27","page","type-page","status-publish","hentry"],"_links":{"self":[{"href":"https:\/\/www.yorksirbetty.cz\/index.php?rest_route=\/wp\/v2\/pages\/27","targetHints":{"allow":["GET"]}}],"collection":[{"href":"https:\/\/www.yorksirbetty.cz\/index.php?rest_route=\/wp\/v2\/pages"}],"about":[{"href":"https:\/\/www.yorksirbetty.cz\/index.php?rest_route=\/wp\/v2\/types\/page"}],"author":[{"embeddable":true,"href":"https:\/\/www.yorksirbetty.cz\/index.php?rest_route=\/wp\/v2\/users\/1"}],"replies":[{"embeddable":true,"href":"https:\/\/www.yorksirbetty.cz\/index.php?rest_route=%2Fwp%2Fv2%2Fcomments&post=27"}],"version-history":[{"count":11,"href":"https:\/\/www.yorksirbetty.cz\/index.php?rest_route=\/wp\/v2\/pages\/27\/revisions"}],"predecessor-version":[{"id":477,"href":"https:\/\/www.yorksirbetty.cz\/index.php?rest_route=\/wp\/v2\/pages\/27\/revisions\/477"}],"wp:attachment":[{"href":"https:\/\/www.yorksirbetty.cz\/index.php?rest_route=%2Fwp%2Fv2%2Fmedia&parent=27"}],"curies":[{"name":"wp","href":"https:\/\/api.w.org\/{rel}","templated":true}]}}