{"id":29,"date":"2024-03-04T18:22:45","date_gmt":"2024-03-04T18:22:45","guid":{"rendered":"https:\/\/www.reklamastyl-video.cz\/?page_id=29"},"modified":"2024-06-06T17:37:25","modified_gmt":"2024-06-06T17:37:25","slug":"strechy","status":"publish","type":"page","link":"https:\/\/www.yorksirbetty.cz\/?page_id=29","title":{"rendered":"York\u0161\u00edr"},"content":{"rendered":"\n<div class=\"wp-block-media-text is-stacked-on-mobile\" style=\"grid-template-columns:46% auto\"><figure class=\"wp-block-media-text__media\"><img loading=\"lazy\" decoding=\"async\" width=\"450\" height=\"255\" src=\"http:\/\/www.reklamastyl-video.cz\/wp-content\/uploads\/2024\/05\/jorkshirskij-terer-mini-opisanie-porody-i-soderzhanie.jpg\" alt=\"\" class=\"wp-image-282 size-full\" srcset=\"https:\/\/www.yorksirbetty.cz\/wp-content\/uploads\/2024\/05\/jorkshirskij-terer-mini-opisanie-porody-i-soderzhanie.jpg 450w, https:\/\/www.yorksirbetty.cz\/wp-content\/uploads\/2024\/05\/jorkshirskij-terer-mini-opisanie-porody-i-soderzhanie-300x170.jpg 300w\" sizes=\"auto, (max-width: 450px) 100vw, 450px\" \/><\/figure><div class=\"wp-block-media-text__content\">\n<p><strong>Vzhled<\/strong><\/p>\n\n\n\n<p>Yorkshire teri\u00e9r je mal\u00fd kompaktn\u00ed pes, jeho\u017e v\u00e1ha by nem\u011bla p\u0159es\u00e1hnout 3,1 kg. M\u00e1 jemn\u011b modelovanou hlavu se vzty\u010den\u00fdm uchem, jiskrn\u00e9 o\u010di a z&nbsp;kter\u00fdch z\u00e1\u0159\u00ed inteligence a sebev\u011bdom\u00ed. Yorkshire m\u00e1 vyv\u00e1\u017eenou stavbu t\u011bla, ale jednotliv\u00e9 proporce zahaluje hedv\u00e1bn\u00e1 spl\u00fdvaj\u00edc\u00ed srst, kter\u00e1 m\u00e1 kr\u00e1snou modrou barvu. Hlavu a kon\u010detin m\u00e1 spr\u00e1vn\u00fd yorkshire zbarven\u00e9 t\u0159\u00edslov\u011b.<\/p>\n<\/div><\/div>\n\n\n\n<p><\/p>\n\n\n\n<p><strong>Pr\u016fm\u011brn\u00fd v\u011bk<\/strong>  14 let\u00a0<\/p>\n\n\n\n<p><strong>P\u00e9\u010de<\/strong><\/p>\n\n\n\n<p>Z&nbsp;hlediska p\u00e9\u010de se jedn\u00e1 o zcela nen\u00e1ro\u010dn\u00e9 plemeno. Ka\u017edodenn\u00ed pozornost ale vy\u017eaduje srst plemene. Standard \u0159\u00edk\u00e1, \u017ee m\u00e1 b\u00fdt co nejdel\u0161\u00ed. V&nbsp;posledn\u00ed dob\u011b se ale v\u017eila sportovn\u00ed \u00faprava. Yorkshire s&nbsp;ost\u0159\u00edhanou srst\u00ed nem\u016f\u017ee sice na v\u00fdstavu, ale kr\u00e1tk\u00fd sest\u0159ih je ur\u010dit\u011b p\u0159\u00edjemn\u00fd plemeni samotn\u00e9mu i jeho majiteli.<\/p>\n\n\n\n<p>\u0160t\u011b\u0148ata do v\u011bku 3 m\u011bs\u00edc\u016f je nutn\u00e9 krmit 3 a\u017e 4kr\u00e1t denn\u011b, od 5 m\u011bs\u00edc\u016f 2 a\u017e 3kr\u00e1t denn\u011b. Mlad\u00e9 psy do v\u011bku cca 12 m\u011bs\u00edc\u016f krm\u00edme 2kr\u00e1t denn\u011b.<\/p>\n\n\n\n<p>Od 10. m\u011bs\u00edce v\u011bku sta\u010d\u00ed v\u011bt\u0161inou jedno j\u00eddlo denn\u011b. To by m\u011blo obsahovat hlavn\u011b maso (m\u016f\u017ee j\u00edt i j\u00eddlo z konzervy). Jakmile pes hned ve\u0161ker\u00e9 \u017er\u00e1dlo nese\u017eere, ukli\u010fte ho, nikdy ho nenech\u00e1vejte st\u00e1t, nebo\u0165 pes si m\u016fs\u00ed zvyknout na p\u0159esn\u00e9 \u010dasy krmen\u00ed. Mno\u017estv\u00ed krmiva je rozd\u00edln\u00e9, \u0159\u00edd\u00ed se podle v\u011bku a velikosti psa a je ovlivn\u011bno t\u011blesn\u00fdmi po\u017eadavky. Dosp\u011bl\u00fd jork\u0161\u00edr pot\u0159ebuje denn\u011b cca 100 gram\u016f masa s 30 a\u017e 50 gramy vlo\u010dek. Tent\u00fd\u017e obsah m\u00e1 i 150 gram\u016f konzervovan\u00e9ho krmiva nebo 50 gram\u016f such\u00e9ho krmiva.<\/p>\n\n\n\n<p>V principu nepot\u0159ebuj\u00ed psi obm\u011bnu krmiva, je-li optim\u00e1ln\u011b zkombinov\u00e1no. Konzervovan\u00e9 krmivo jako nap\u0159. Pedigree Pal, Cesar, Dogstar atd. ve spojen\u00ed s vlo\u010dkami zpravidla sta\u010d\u00ed.  V ka\u017ed\u00e9m p\u0159\u00edpad\u011b mus\u00ed m\u00edt pes k dispozici dostate\u010dn\u00e9 mno\u017estv\u00ed pitn\u00e9 vody (\u017e\u00e1dn\u00e9 ml\u00e9ko, nebo\u0165 vede v\u011bt\u0161inou k dlouhodob\u00fdm pr\u016fjm\u016fm).<\/p>\n\n\n\n<p>Jestli\u017ee krm\u00edte z konzervy, nen\u00ed nutn\u00e9 dod\u00e1vat \u017e\u00e1dn\u00e9 dal\u0161\u00ed vitam\u00edny. U doma p\u0159ipravovan\u00e9 stravy je vhodn\u00e9 denn\u011b do stravy p\u0159idat v\u00e1pn\u00edk. Velmi dobr\u00e9 jsou produkty &#8222;Hypercoat&#8220; a &#8222;Biotin Forte&#8220;, kter\u00e9 mimo jin\u00e9 podporuj\u00ed zdrav\u00fd r\u016fst srsti. M\u016f\u017eete p\u0159idat denn\u011b \u0161petku soli do krmiva, 2 a\u017e 3kr\u00e1t t\u00fddn\u011b ryb\u00ed tuk. M\u016f\u017eete tak\u00e9 p\u0159im\u00edchat na drobno nakr\u00e1jenou zeleninu, nap\u0159. mrkev, \u0161pen\u00e1t, cibuli a dokonce i \u010desnek (i do konzervovan\u00e9ho krmiva).<\/p>\n","protected":false},"excerpt":{"rendered":"<p>Vzhled Yorkshire teri\u00e9r je mal\u00fd kompaktn\u00ed pes, jeho\u017e v\u00e1ha by nem\u011bla p\u0159es\u00e1hnout 3,1 kg. M\u00e1 jemn\u011b modelovanou hlavu se vzty\u010den\u00fdm uchem, jiskrn\u00e9 o\u010di a z&nbsp;kter\u00fdch z\u00e1\u0159\u00ed inteligence a sebev\u011bdom\u00ed. Yorkshire m\u00e1 vyv\u00e1\u017eenou stavbu t\u011bla, ale jednotliv\u00e9 proporce zahaluje hedv\u00e1bn\u00e1 spl\u00fdvaj\u00edc\u00ed srst, kter\u00e1 m\u00e1 kr\u00e1snou modrou barvu. Hlavu a kon\u010detin m\u00e1<a href=\"https:\/\/www.yorksirbetty.cz\/?page_id=29\" class=\"read-more\">Read More&#8230;<\/a><\/p>\n","protected":false},"author":1,"featured_media":0,"parent":0,"menu_order":0,"comment_status":"closed","ping_status":"closed","template":"","meta":{"footnotes":""},"class_list":["post-29","page","type-page","status-publish","hentry"],"_links":{"self":[{"href":"https:\/\/www.yorksirbetty.cz\/index.php?rest_route=\/wp\/v2\/pages\/29","targetHints":{"allow":["GET"]}}],"collection":[{"href":"https:\/\/www.yorksirbetty.cz\/index.php?rest_route=\/wp\/v2\/pages"}],"about":[{"href":"https:\/\/www.yorksirbetty.cz\/index.php?rest_route=\/wp\/v2\/types\/page"}],"author":[{"embeddable":true,"href":"https:\/\/www.yorksirbetty.cz\/index.php?rest_route=\/wp\/v2\/users\/1"}],"replies":[{"embeddable":true,"href":"https:\/\/www.yorksirbetty.cz\/index.php?rest_route=%2Fwp%2Fv2%2Fcomments&post=29"}],"version-history":[{"count":28,"href":"https:\/\/www.yorksirbetty.cz\/index.php?rest_route=\/wp\/v2\/pages\/29\/revisions"}],"predecessor-version":[{"id":320,"href":"https:\/\/www.yorksirbetty.cz\/index.php?rest_route=\/wp\/v2\/pages\/29\/revisions\/320"}],"wp:attachment":[{"href":"https:\/\/www.yorksirbetty.cz\/index.php?rest_route=%2Fwp%2Fv2%2Fmedia&parent=29"}],"curies":[{"name":"wp","href":"https:\/\/api.w.org\/{rel}","templated":true}]}}