{"id":31,"date":"2024-03-04T18:23:40","date_gmt":"2024-03-04T18:23:40","guid":{"rendered":"https:\/\/www.reklamastyl-video.cz\/?page_id=31"},"modified":"2025-07-13T11:15:06","modified_gmt":"2025-07-13T11:15:06","slug":"dlazby","status":"publish","type":"page","link":"https:\/\/www.yorksirbetty.cz\/?page_id=31","title":{"rendered":"Elizabeth"},"content":{"rendered":"\n<p class=\"has-medium-font-size\"><strong>Datum narozen\u00ed<\/strong>   25.9.2023<\/p>\n\n\n\n<p class=\"has-medium-font-size\"><strong>Exteri\u00e9r<\/strong>   Barva tmav\u011b ocelov\u011b modr\u00e1 s hn\u011bdo\u0161ed\u00fdm p\u00e1len\u00edm. V\u00e1ha 3,5 kg, kr\u00e1tk\u00fd \u010dum\u00e1\u010dek.<\/p>\n\n\n\n<p class=\"has-medium-font-size\"><\/p>\n\n\n\n<div class=\"wp-block-columns is-layout-flex wp-container-core-columns-is-layout-9d6595d7 wp-block-columns-is-layout-flex\">\n<div class=\"wp-block-column is-layout-flow wp-block-column-is-layout-flow\" style=\"flex-basis:100%\">\n<figure class=\"wp-block-gallery has-nested-images columns-default is-cropped wp-block-gallery-1 is-layout-flex wp-block-gallery-is-layout-flex\">\n<figure class=\"wp-block-image size-large\"><img loading=\"lazy\" decoding=\"async\" width=\"768\" height=\"1024\" data-id=\"442\" src=\"https:\/\/www.yorksirbetty.cz\/wp-content\/uploads\/2025\/01\/1737812841155.jpg\" alt=\"\" class=\"wp-image-442\" srcset=\"https:\/\/www.yorksirbetty.cz\/wp-content\/uploads\/2025\/01\/1737812841155.jpg 768w, https:\/\/www.yorksirbetty.cz\/wp-content\/uploads\/2025\/01\/1737812841155-225x300.jpg 225w, https:\/\/www.yorksirbetty.cz\/wp-content\/uploads\/2025\/01\/1737812841155-300x400.jpg 300w\" sizes=\"auto, (max-width: 768px) 100vw, 768px\" \/><\/figure>\n\n\n\n<figure class=\"wp-block-image size-large\"><img loading=\"lazy\" decoding=\"async\" width=\"736\" height=\"1024\" data-id=\"337\" src=\"https:\/\/www.yorksirbetty.cz\/wp-content\/uploads\/2024\/09\/1716634069971-736x1024.jpg\" alt=\"\" class=\"wp-image-337\" srcset=\"https:\/\/www.yorksirbetty.cz\/wp-content\/uploads\/2024\/09\/1716634069971-736x1024.jpg 736w, https:\/\/www.yorksirbetty.cz\/wp-content\/uploads\/2024\/09\/1716634069971-216x300.jpg 216w, https:\/\/www.yorksirbetty.cz\/wp-content\/uploads\/2024\/09\/1716634069971-768x1069.jpg 768w, https:\/\/www.yorksirbetty.cz\/wp-content\/uploads\/2024\/09\/1716634069971-300x417.jpg 300w, https:\/\/www.yorksirbetty.cz\/wp-content\/uploads\/2024\/09\/1716634069971.jpg 920w\" sizes=\"auto, (max-width: 736px) 100vw, 736px\" \/><\/figure>\n\n\n\n<figure class=\"wp-block-image size-large\"><img loading=\"lazy\" decoding=\"async\" width=\"768\" height=\"1024\" data-id=\"338\" src=\"https:\/\/www.yorksirbetty.cz\/wp-content\/uploads\/2024\/09\/1716634069988-768x1024.png\" alt=\"\" class=\"wp-image-338\" srcset=\"https:\/\/www.yorksirbetty.cz\/wp-content\/uploads\/2024\/09\/1716634069988-768x1024.png 768w, https:\/\/www.yorksirbetty.cz\/wp-content\/uploads\/2024\/09\/1716634069988-225x300.png 225w, https:\/\/www.yorksirbetty.cz\/wp-content\/uploads\/2024\/09\/1716634069988-300x400.png 300w, https:\/\/www.yorksirbetty.cz\/wp-content\/uploads\/2024\/09\/1716634069988.png 960w\" sizes=\"auto, (max-width: 768px) 100vw, 768px\" \/><\/figure>\n\n\n\n<figure class=\"wp-block-image size-large\"><img loading=\"lazy\" decoding=\"async\" width=\"490\" height=\"640\" data-id=\"387\" src=\"https:\/\/www.yorksirbetty.cz\/wp-content\/uploads\/2024\/10\/1728031178185.png\" alt=\"\" class=\"wp-image-387\" srcset=\"https:\/\/www.yorksirbetty.cz\/wp-content\/uploads\/2024\/10\/1728031178185.png 490w, https:\/\/www.yorksirbetty.cz\/wp-content\/uploads\/2024\/10\/1728031178185-230x300.png 230w, https:\/\/www.yorksirbetty.cz\/wp-content\/uploads\/2024\/10\/1728031178185-300x392.png 300w\" sizes=\"auto, (max-width: 490px) 100vw, 490px\" \/><\/figure>\n\n\n\n<figure class=\"wp-block-image size-large\"><img loading=\"lazy\" decoding=\"async\" width=\"1024\" height=\"912\" data-id=\"298\" src=\"https:\/\/www.yorksirbetty.cz\/wp-content\/uploads\/2024\/06\/1717691347214-1024x912.jpg\" alt=\"\" class=\"wp-image-298\" srcset=\"https:\/\/www.yorksirbetty.cz\/wp-content\/uploads\/2024\/06\/1717691347214-1024x912.jpg 1024w, https:\/\/www.yorksirbetty.cz\/wp-content\/uploads\/2024\/06\/1717691347214-300x267.jpg 300w, https:\/\/www.yorksirbetty.cz\/wp-content\/uploads\/2024\/06\/1717691347214-768x684.jpg 768w, https:\/\/www.yorksirbetty.cz\/wp-content\/uploads\/2024\/06\/1717691347214-1536x1367.jpg 1536w, https:\/\/www.yorksirbetty.cz\/wp-content\/uploads\/2024\/06\/1717691347214-2048x1823.jpg 2048w\" sizes=\"auto, (max-width: 1024px) 100vw, 1024px\" \/><\/figure>\n\n\n\n<figure class=\"wp-block-image size-large\"><img loading=\"lazy\" decoding=\"async\" width=\"1024\" height=\"1022\" data-id=\"339\" src=\"https:\/\/www.yorksirbetty.cz\/wp-content\/uploads\/2024\/09\/1717691252488-1024x1022.jpg\" alt=\"\" class=\"wp-image-339\" srcset=\"https:\/\/www.yorksirbetty.cz\/wp-content\/uploads\/2024\/09\/1717691252488-1024x1022.jpg 1024w, https:\/\/www.yorksirbetty.cz\/wp-content\/uploads\/2024\/09\/1717691252488-300x299.jpg 300w, https:\/\/www.yorksirbetty.cz\/wp-content\/uploads\/2024\/09\/1717691252488-150x150.jpg 150w, https:\/\/www.yorksirbetty.cz\/wp-content\/uploads\/2024\/09\/1717691252488-768x766.jpg 768w, https:\/\/www.yorksirbetty.cz\/wp-content\/uploads\/2024\/09\/1717691252488-1536x1533.jpg 1536w, https:\/\/www.yorksirbetty.cz\/wp-content\/uploads\/2024\/09\/1717691252488-2048x2044.jpg 2048w\" sizes=\"auto, (max-width: 1024px) 100vw, 1024px\" \/><\/figure>\n\n\n\n<figure class=\"wp-block-image size-large\"><img loading=\"lazy\" decoding=\"async\" width=\"723\" height=\"1024\" data-id=\"425\" src=\"https:\/\/www.yorksirbetty.cz\/wp-content\/uploads\/2024\/12\/lili2-723x1024.jpg\" alt=\"\" class=\"wp-image-425\" srcset=\"https:\/\/www.yorksirbetty.cz\/wp-content\/uploads\/2024\/12\/lili2-723x1024.jpg 723w, https:\/\/www.yorksirbetty.cz\/wp-content\/uploads\/2024\/12\/lili2-212x300.jpg 212w, https:\/\/www.yorksirbetty.cz\/wp-content\/uploads\/2024\/12\/lili2-768x1088.jpg 768w, https:\/\/www.yorksirbetty.cz\/wp-content\/uploads\/2024\/12\/lili2-300x425.jpg 300w, https:\/\/www.yorksirbetty.cz\/wp-content\/uploads\/2024\/12\/lili2.jpg 875w\" sizes=\"auto, (max-width: 723px) 100vw, 723px\" \/><\/figure>\n\n\n\n<figure class=\"wp-block-image size-large\"><img loading=\"lazy\" decoding=\"async\" width=\"763\" height=\"1024\" data-id=\"504\" src=\"https:\/\/www.yorksirbetty.cz\/wp-content\/uploads\/2025\/03\/1742917394627-1-763x1024.jpg\" alt=\"\" class=\"wp-image-504\" srcset=\"https:\/\/www.yorksirbetty.cz\/wp-content\/uploads\/2025\/03\/1742917394627-1-763x1024.jpg 763w, https:\/\/www.yorksirbetty.cz\/wp-content\/uploads\/2025\/03\/1742917394627-1-224x300.jpg 224w, https:\/\/www.yorksirbetty.cz\/wp-content\/uploads\/2025\/03\/1742917394627-1-768x1030.jpg 768w, https:\/\/www.yorksirbetty.cz\/wp-content\/uploads\/2025\/03\/1742917394627-1-300x402.jpg 300w, https:\/\/www.yorksirbetty.cz\/wp-content\/uploads\/2025\/03\/1742917394627-1.jpg 841w\" sizes=\"auto, (max-width: 763px) 100vw, 763px\" \/><\/figure>\n\n\n\n<figure class=\"wp-block-image size-large\"><img loading=\"lazy\" decoding=\"async\" width=\"730\" height=\"963\" data-id=\"479\" src=\"https:\/\/www.yorksirbetty.cz\/wp-content\/uploads\/2025\/03\/1742752601309.jpg\" alt=\"\" class=\"wp-image-479\" srcset=\"https:\/\/www.yorksirbetty.cz\/wp-content\/uploads\/2025\/03\/1742752601309.jpg 730w, https:\/\/www.yorksirbetty.cz\/wp-content\/uploads\/2025\/03\/1742752601309-227x300.jpg 227w, https:\/\/www.yorksirbetty.cz\/wp-content\/uploads\/2025\/03\/1742752601309-300x396.jpg 300w\" sizes=\"auto, (max-width: 730px) 100vw, 730px\" \/><\/figure>\n<\/figure>\n<\/div>\n<\/div>\n\n\n\n<p><\/p>\n\n\n\n<h2 class=\"wp-block-heading\"><strong>Betty a Elly<\/strong><\/h2>\n\n\n\n<figure class=\"wp-block-gallery has-nested-images columns-default is-cropped wp-block-gallery-2 is-layout-flex wp-block-gallery-is-layout-flex\">\n<figure class=\"wp-block-image size-large\"><img loading=\"lazy\" decoding=\"async\" width=\"960\" height=\"636\" data-id=\"451\" src=\"https:\/\/www.yorksirbetty.cz\/wp-content\/uploads\/2025\/01\/facebook_1737813220153_7288916940544475338.jpg\" alt=\"\" class=\"wp-image-451\" srcset=\"https:\/\/www.yorksirbetty.cz\/wp-content\/uploads\/2025\/01\/facebook_1737813220153_7288916940544475338.jpg 960w, https:\/\/www.yorksirbetty.cz\/wp-content\/uploads\/2025\/01\/facebook_1737813220153_7288916940544475338-300x199.jpg 300w, https:\/\/www.yorksirbetty.cz\/wp-content\/uploads\/2025\/01\/facebook_1737813220153_7288916940544475338-768x509.jpg 768w\" sizes=\"auto, (max-width: 960px) 100vw, 960px\" \/><\/figure>\n<\/figure>\n","protected":false},"excerpt":{"rendered":"<p>Datum narozen\u00ed 25.9.2023 Exteri\u00e9r Barva tmav\u011b ocelov\u011b modr\u00e1 s hn\u011bdo\u0161ed\u00fdm p\u00e1len\u00edm. V\u00e1ha 3,5 kg, kr\u00e1tk\u00fd \u010dum\u00e1\u010dek. Betty a Elly<\/p>\n","protected":false},"author":1,"featured_media":0,"parent":0,"menu_order":0,"comment_status":"closed","ping_status":"closed","template":"","meta":{"footnotes":""},"class_list":["post-31","page","type-page","status-publish","hentry"],"_links":{"self":[{"href":"https:\/\/www.yorksirbetty.cz\/index.php?rest_route=\/wp\/v2\/pages\/31","targetHints":{"allow":["GET"]}}],"collection":[{"href":"https:\/\/www.yorksirbetty.cz\/index.php?rest_route=\/wp\/v2\/pages"}],"about":[{"href":"https:\/\/www.yorksirbetty.cz\/index.php?rest_route=\/wp\/v2\/types\/page"}],"author":[{"embeddable":true,"href":"https:\/\/www.yorksirbetty.cz\/index.php?rest_route=\/wp\/v2\/users\/1"}],"replies":[{"embeddable":true,"href":"https:\/\/www.yorksirbetty.cz\/index.php?rest_route=%2Fwp%2Fv2%2Fcomments&post=31"}],"version-history":[{"count":71,"href":"https:\/\/www.yorksirbetty.cz\/index.php?rest_route=\/wp\/v2\/pages\/31\/revisions"}],"predecessor-version":[{"id":535,"href":"https:\/\/www.yorksirbetty.cz\/index.php?rest_route=\/wp\/v2\/pages\/31\/revisions\/535"}],"wp:attachment":[{"href":"https:\/\/www.yorksirbetty.cz\/index.php?rest_route=%2Fwp%2Fv2%2Fmedia&parent=31"}],"curies":[{"name":"wp","href":"https:\/\/api.w.org\/{rel}","templated":true}]}}