{"id":88,"date":"2024-03-04T21:07:44","date_gmt":"2024-03-04T21:07:44","guid":{"rendered":"https:\/\/www.reklamastyl-video.cz\/?page_id=88"},"modified":"2024-06-06T17:25:41","modified_gmt":"2024-06-06T17:25:41","slug":"realizace","status":"publish","type":"page","link":"https:\/\/www.yorksirbetty.cz\/?page_id=88","title":{"rendered":"Vrhy"},"content":{"rendered":"\n<p>V sou\u010dasn\u00e9 dob\u011b je\u0161t\u011b nem\u00e1me \u017e\u00e1dn\u00e9 potomky, ale u\u017e se na n\u011b t\u011b\u0161\u00edme.<\/p>\n\n\n\n<figure class=\"wp-block-gallery has-nested-images columns-default is-cropped wp-block-gallery-1 is-layout-flex wp-block-gallery-is-layout-flex\"><\/figure>\n","protected":false},"excerpt":{"rendered":"<p>V sou\u010dasn\u00e9 dob\u011b je\u0161t\u011b nem\u00e1me \u017e\u00e1dn\u00e9 potomky, ale u\u017e se na n\u011b t\u011b\u0161\u00edme.<\/p>\n","protected":false},"author":1,"featured_media":0,"parent":0,"menu_order":0,"comment_status":"closed","ping_status":"closed","template":"","meta":{"footnotes":""},"class_list":["post-88","page","type-page","status-publish","hentry"],"_links":{"self":[{"href":"https:\/\/www.yorksirbetty.cz\/index.php?rest_route=\/wp\/v2\/pages\/88","targetHints":{"allow":["GET"]}}],"collection":[{"href":"https:\/\/www.yorksirbetty.cz\/index.php?rest_route=\/wp\/v2\/pages"}],"about":[{"href":"https:\/\/www.yorksirbetty.cz\/index.php?rest_route=\/wp\/v2\/types\/page"}],"author":[{"embeddable":true,"href":"https:\/\/www.yorksirbetty.cz\/index.php?rest_route=\/wp\/v2\/users\/1"}],"replies":[{"embeddable":true,"href":"https:\/\/www.yorksirbetty.cz\/index.php?rest_route=%2Fwp%2Fv2%2Fcomments&post=88"}],"version-history":[{"count":8,"href":"https:\/\/www.yorksirbetty.cz\/index.php?rest_route=\/wp\/v2\/pages\/88\/revisions"}],"predecessor-version":[{"id":305,"href":"https:\/\/www.yorksirbetty.cz\/index.php?rest_route=\/wp\/v2\/pages\/88\/revisions\/305"}],"wp:attachment":[{"href":"https:\/\/www.yorksirbetty.cz\/index.php?rest_route=%2Fwp%2Fv2%2Fmedia&parent=88"}],"curies":[{"name":"wp","href":"https:\/\/api.w.org\/{rel}","templated":true}]}}